{"id":80,"date":"2022-02-27T16:10:29","date_gmt":"2022-02-27T16:10:29","guid":{"rendered":"https:\/\/jordivilarrasa.cat\/wordpress\/?page_id=80"},"modified":"2022-02-27T16:10:29","modified_gmt":"2022-02-27T16:10:29","slug":"explotacio-ramadera","status":"publish","type":"page","link":"https:\/\/jordivilarrasa.cat\/wordpress\/index.php\/explotacio-ramadera\/","title":{"rendered":"Explotaci\u00f3 ramadera"},"content":{"rendered":"\n<h1 class=\"wp-block-heading\">Ramaders de la Garrotxa: Jordi Vilarrasa<\/h1>\n\n\n\n<p>A l&#8217;explotaci\u00f3 del Mas Janric, en Jordi i la Pepita crien porcs de la ra\u00e7a duroc-landrace i elaboren embotits tradicionals.<\/p>\n\n\n\n<figure class=\"wp-block-image size-full\"><img loading=\"lazy\" decoding=\"async\" width=\"1000\" height=\"564\" src=\"https:\/\/jordivilarrasa.cat\/wordpress\/wp-content\/uploads\/2022\/02\/fotos_mas_janric.jpg\" alt=\"\" class=\"wp-image-82\" srcset=\"https:\/\/jordivilarrasa.cat\/wordpress\/wp-content\/uploads\/2022\/02\/fotos_mas_janric.jpg 1000w, https:\/\/jordivilarrasa.cat\/wordpress\/wp-content\/uploads\/2022\/02\/fotos_mas_janric-300x169.jpg 300w, https:\/\/jordivilarrasa.cat\/wordpress\/wp-content\/uploads\/2022\/02\/fotos_mas_janric-768x433.jpg 768w\" sizes=\"auto, (max-width: 1000px) 100vw, 1000px\" \/><\/figure>\n\n\n\n<figure class=\"wp-block-image size-full\"><img loading=\"lazy\" decoding=\"async\" width=\"1000\" height=\"673\" src=\"https:\/\/jordivilarrasa.cat\/wordpress\/wp-content\/uploads\/2022\/02\/fotos_mas_janric_granja.jpg\" alt=\"\" class=\"wp-image-81\" srcset=\"https:\/\/jordivilarrasa.cat\/wordpress\/wp-content\/uploads\/2022\/02\/fotos_mas_janric_granja.jpg 1000w, https:\/\/jordivilarrasa.cat\/wordpress\/wp-content\/uploads\/2022\/02\/fotos_mas_janric_granja-300x202.jpg 300w, https:\/\/jordivilarrasa.cat\/wordpress\/wp-content\/uploads\/2022\/02\/fotos_mas_janric_granja-768x517.jpg 768w\" sizes=\"auto, (max-width: 1000px) 100vw, 1000px\" \/><\/figure>\n\n\n\n<h2 class=\"wp-block-heading\">DADES B\u00c0SIQUES<\/h2>\n\n\n\n<figure class=\"wp-block-table\"><table><tbody><tr><td><strong>Tipus:<\/strong><\/td><td>Activitat de descoberta<\/td><\/tr><tr><td><strong>Indret:<\/strong><\/td><td>Begud\u00e0 (Sant Joan les Fonts)<\/td><\/tr><tr><td><strong>Durada:<\/strong><\/td><td>2,5<\/td><\/tr><tr><td><strong>Preu per persona:<\/strong><\/td><td>5,00 \u20ac<\/td><\/tr><tr><td><strong>Ratio Persones:<\/strong><\/td><td>25<\/td><\/tr><tr><td><strong>M\u00ednim de participants:<\/strong><\/td><td>12<\/td><\/tr><tr><td><strong>Subvencionada:<\/strong><\/td><td>No<\/td><\/tr><\/tbody><\/table><\/figure>\n\n\n\n<h2 class=\"wp-block-heading\">&nbsp;<\/h2>\n","protected":false},"excerpt":{"rendered":"<p>Ramaders de la Garrotxa: Jordi Vilarrasa A l&#8217;explotaci\u00f3 del Mas Janric, en Jordi i la Pepita crien porcs de la ra\u00e7a duroc-landrace i elaboren embotits tradicionals. DADES B\u00c0SIQUES Tipus: Activitat de descoberta Indret: Begud\u00e0 (Sant Joan les Fonts) Durada: 2,5 Preu per persona: 5,00 \u20ac Ratio Persones: 25 M\u00ednim de participants: 12 Subvencionada: No &nbsp;<\/p>\n","protected":false},"author":1,"featured_media":0,"parent":0,"menu_order":0,"comment_status":"closed","ping_status":"closed","template":"","meta":{"footnotes":""},"class_list":["post-80","page","type-page","status-publish","hentry"],"_links":{"self":[{"href":"https:\/\/jordivilarrasa.cat\/wordpress\/index.php\/wp-json\/wp\/v2\/pages\/80","targetHints":{"allow":["GET"]}}],"collection":[{"href":"https:\/\/jordivilarrasa.cat\/wordpress\/index.php\/wp-json\/wp\/v2\/pages"}],"about":[{"href":"https:\/\/jordivilarrasa.cat\/wordpress\/index.php\/wp-json\/wp\/v2\/types\/page"}],"author":[{"embeddable":true,"href":"https:\/\/jordivilarrasa.cat\/wordpress\/index.php\/wp-json\/wp\/v2\/users\/1"}],"replies":[{"embeddable":true,"href":"https:\/\/jordivilarrasa.cat\/wordpress\/index.php\/wp-json\/wp\/v2\/comments?post=80"}],"version-history":[{"count":1,"href":"https:\/\/jordivilarrasa.cat\/wordpress\/index.php\/wp-json\/wp\/v2\/pages\/80\/revisions"}],"predecessor-version":[{"id":83,"href":"https:\/\/jordivilarrasa.cat\/wordpress\/index.php\/wp-json\/wp\/v2\/pages\/80\/revisions\/83"}],"wp:attachment":[{"href":"https:\/\/jordivilarrasa.cat\/wordpress\/index.php\/wp-json\/wp\/v2\/media?parent=80"}],"curies":[{"name":"wp","href":"https:\/\/api.w.org\/{rel}","templated":true}]}}